{"id":431,"date":"2020-11-06T19:53:00","date_gmt":"2020-11-06T19:53:00","guid":{"rendered":"https:\/\/palochaproducciones.com\/documentales-copy\/"},"modified":"2025-01-17T08:39:45","modified_gmt":"2025-01-17T08:39:45","slug":"consultoria","status":"publish","type":"page","link":"https:\/\/palochaproducciones.com\/en\/consultoria\/","title":{"rendered":"Consultor\u00eda"},"content":{"rendered":"<div data-elementor-type=\"wp-page\" data-elementor-id=\"431\" class=\"elementor elementor-431\">\n\t\t\t\t\t\t<section class=\"elementor-section elementor-top-section elementor-element elementor-element-1b0a5d33 elementor-section-boxed elementor-section-height-default elementor-section-height-default\" data-id=\"1b0a5d33\" data-element_type=\"section\" data-e-type=\"section\" data-settings=\"{&quot;background_background&quot;:&quot;classic&quot;}\">\n\t\t\t\t\t\t\t<div class=\"elementor-background-overlay\"><\/div>\n\t\t\t\t\t\t\t<div class=\"elementor-container elementor-column-gap-default\">\n\t\t\t\t\t<div class=\"elementor-column elementor-col-100 elementor-top-column elementor-element elementor-element-1f841ba\" data-id=\"1f841ba\" data-element_type=\"column\" data-e-type=\"column\">\n\t\t\t<div class=\"elementor-widget-wrap elementor-element-populated\">\n\t\t\t\t\t\t<div class=\"elementor-element elementor-element-365ba0bd elementor-widget elementor-widget-heading\" data-id=\"365ba0bd\" data-element_type=\"widget\" data-e-type=\"widget\" data-widget_type=\"heading.default\">\n\t\t\t\t<div class=\"elementor-widget-container\">\n\t\t\t\t\t<h1 class=\"elementor-heading-title elementor-size-default\">CONSULTOR\u00cdA AUDIOVISUAL<\/h1>\t\t\t\t<\/div>\n\t\t\t\t<\/div>\n\t\t\t\t\t<\/div>\n\t\t<\/div>\n\t\t\t\t\t<\/div>\n\t\t<\/section>\n\t\t\t\t<section class=\"elementor-section elementor-top-section elementor-element elementor-element-f14daf2 elementor-section-boxed elementor-section-height-default elementor-section-height-default\" data-id=\"f14daf2\" data-element_type=\"section\" data-e-type=\"section\" data-settings=\"{&quot;background_background&quot;:&quot;classic&quot;}\">\n\t\t\t\t\t\t<div class=\"elementor-container elementor-column-gap-default\">\n\t\t\t\t\t<div class=\"elementor-column elementor-col-100 elementor-top-column elementor-element elementor-element-d461df9\" data-id=\"d461df9\" data-element_type=\"column\" data-e-type=\"column\">\n\t\t\t<div class=\"elementor-widget-wrap elementor-element-populated\">\n\t\t\t\t\t\t<div class=\"elementor-element elementor-element-2942603 elementor-align-center elementor-widget elementor-widget-button\" data-id=\"2942603\" data-element_type=\"widget\" data-e-type=\"widget\" data-widget_type=\"button.default\">\n\t\t\t\t<div class=\"elementor-widget-container\">\n\t\t\t\t\t\t\t\t\t<div class=\"elementor-button-wrapper\">\n\t\t\t\t\t<a class=\"elementor-button elementor-button-link elementor-size-sm\" href=\"https:\/\/palochaproducciones.com\/en\/\">\n\t\t\t\t\t\t<span class=\"elementor-button-content-wrapper\">\n\t\t\t\t\t\t\t\t\t<span class=\"elementor-button-text\">volver p\u00e1gina de inicio<\/span>\n\t\t\t\t\t<\/span>\n\t\t\t\t\t<\/a>\n\t\t\t\t<\/div>\n\t\t\t\t\t\t\t\t<\/div>\n\t\t\t\t<\/div>\n\t\t\t\t\t<\/div>\n\t\t<\/div>\n\t\t\t\t\t<\/div>\n\t\t<\/section>\n\t\t\t\t<section class=\"elementor-section elementor-top-section elementor-element elementor-element-d46aca3 elementor-section-boxed elementor-section-height-default elementor-section-height-default\" data-id=\"d46aca3\" data-element_type=\"section\" data-e-type=\"section\" data-settings=\"{&quot;background_background&quot;:&quot;classic&quot;}\">\n\t\t\t\t\t\t\t<div class=\"elementor-background-overlay\"><\/div>\n\t\t\t\t\t\t\t<div class=\"elementor-container elementor-column-gap-default\">\n\t\t\t\t\t<div class=\"elementor-column elementor-col-100 elementor-top-column elementor-element elementor-element-b06c402\" data-id=\"b06c402\" data-element_type=\"column\" data-e-type=\"column\">\n\t\t\t<div class=\"elementor-widget-wrap elementor-element-populated\">\n\t\t\t\t\t\t<div class=\"elementor-element elementor-element-e180c70 elementor-widget elementor-widget-text-editor\" data-id=\"e180c70\" data-element_type=\"widget\" data-e-type=\"widget\" data-widget_type=\"text-editor.default\">\n\t\t\t\t<div class=\"elementor-widget-container\">\n\t\t\t\t\t\t\t\t\t<p><b>\u00bfSUE\u00d1AS con hacer tu primer PROYECTO audiovisual, pero no sabes como enfrentarte a \u00e9l. Qu\u00e9 material utilizar, QU\u00c9 GRABO PRIMERO&#8230;.?<\/b><\/p><p><b>\u00bfQUIERES INVERTIR en material fotogr\u00e1fico o de v\u00eddeo y despu\u00e9s de 250 v\u00eddeos de REVIEWS sigues sin tenerlo claro?<\/b><\/p><p><b>\u00a0\u00bfNECESITAS UN PRODUCTOR con 25 a\u00f1os de experiencia QUE TE ACOMPA\u00d1E en tu sue\u00f1o de hacer un documental, un videoclip o lo que sea?<\/b><\/p><p><b>Si no me conoces, \u00e9chale un ojo a mi CANAL DE YOUTUBE: @PabloLozano-Palocha\u00a0<\/b><\/p><p><b style=\"font-style: inherit;\">Ver\u00e1s quien soy, como soy y como enfoco las cosas,\u00a0 ver\u00e1s que me baso en la EXPERIENCIA, no hablo de lo que no he probado. <\/b><span style=\"font-size: 19px; font-weight: bold;\">Si te gusta, si valoras la experiencia de los PROFESIONALES, perfecto, podemos colaborar. M<\/span><b style=\"font-style: inherit;\">ira abajo.<\/b><\/p>\t\t\t\t\t\t\t\t<\/div>\n\t\t\t\t<\/div>\n\t\t\t\t\t<\/div>\n\t\t<\/div>\n\t\t\t\t\t<\/div>\n\t\t<\/section>\n\t\t\t\t<section class=\"elementor-section elementor-top-section elementor-element elementor-element-4d2c9e9 elementor-reverse-mobile elementor-section-boxed elementor-section-height-default elementor-section-height-default\" data-id=\"4d2c9e9\" data-element_type=\"section\" data-e-type=\"section\" data-settings=\"{&quot;background_background&quot;:&quot;classic&quot;}\">\n\t\t\t\t\t\t<div class=\"elementor-container elementor-column-gap-no\">\n\t\t\t\t\t<div class=\"elementor-column elementor-col-50 elementor-top-column elementor-element elementor-element-1148300\" data-id=\"1148300\" data-element_type=\"column\" data-e-type=\"column\">\n\t\t\t<div class=\"elementor-widget-wrap elementor-element-populated\">\n\t\t\t\t\t\t<div class=\"elementor-element elementor-element-5070b618 elementor-widget elementor-widget-heading\" data-id=\"5070b618\" data-element_type=\"widget\" data-e-type=\"widget\" data-widget_type=\"heading.default\">\n\t\t\t\t<div class=\"elementor-widget-container\">\n\t\t\t\t\t<h2 class=\"elementor-heading-title elementor-size-default\"><b>ASESORIA EN COMPRAS DE MATERIAL FOTOGR\u00c1FICO Y DE V\u00cdDEO<\/b><\/h2>\t\t\t\t<\/div>\n\t\t\t\t<\/div>\n\t\t\t\t<div class=\"elementor-element elementor-element-62d352e2 elementor-widget elementor-widget-text-editor\" data-id=\"62d352e2\" data-element_type=\"widget\" data-e-type=\"widget\" data-widget_type=\"text-editor.default\">\n\t\t\t\t<div class=\"elementor-widget-container\">\n\t\t\t\t\t\t\t\t\t<p><strong>T<\/strong><b>e ayudo a elegir la mejor C\u00c1MARA de fotograf\u00eda o v\u00eddeo, los mejores OBEJTIVOS para tu proyecto. O lo que quieras. Analizaremos juntos el material que necesitas. Lo m\u00e1s caro no siempre es lo mejor.<\/b>\u00a0<\/p><p><b>Me mandas un mail, lo titulas: ASESORIA COMPRA DE MATERIAL, en la descripci\u00f3n me cuentas lo que te est\u00e1s planteando comprar, lo que quieres hacer con el material, el tipo de cosas que te gusta fotografiar, o el proyecto audiovisual en el que te vas a meter y el rango de dinero que te quieres gastar.<\/b><\/p><p><b>Yo leo el mail, si te puedo ayudar (no hablo de lo que no s\u00e9), te doy el OK, me haces un Paypal y yo me pongo a investigar para darte mi opini\u00f3n. Luego hacemos una videoconferencia (30 minutos) y ponemos las ideas en com\u00fan.<\/b><\/p><p><strong>PR<\/strong><b>ECIO: 200 euros\/d\u00f3lares<\/b><b><br \/><\/b><\/p><p><b>Con estos 200 euros te vas a ahorrar tiempo y mucho m\u00e1s dinero. M\u00edralo como una inversi\u00f3n.\u00a0<\/b><\/p>\t\t\t\t\t\t\t\t<\/div>\n\t\t\t\t<\/div>\n\t\t\t\t\t<\/div>\n\t\t<\/div>\n\t\t\t\t<div class=\"elementor-column elementor-col-50 elementor-top-column elementor-element elementor-element-7285665\" data-id=\"7285665\" data-element_type=\"column\" data-e-type=\"column\">\n\t\t\t<div class=\"elementor-widget-wrap elementor-element-populated\">\n\t\t\t\t\t\t<div class=\"elementor-element elementor-element-508aa5f0 elementor-widget elementor-widget-image\" data-id=\"508aa5f0\" data-element_type=\"widget\" data-e-type=\"widget\" data-widget_type=\"image.default\">\n\t\t\t\t<div class=\"elementor-widget-container\">\n\t\t\t\t\t\t\t\t\t\t\t\t\t\t\t<img fetchpriority=\"high\" decoding=\"async\" width=\"455\" height=\"455\" src=\"https:\/\/palochaproducciones.com\/wp-content\/uploads\/2024\/12\/sony-a7-iv-cuerpo.jpg\" class=\"attachment-large size-large wp-image-1303\" alt=\"\" srcset=\"https:\/\/palochaproducciones.com\/wp-content\/uploads\/2024\/12\/sony-a7-iv-cuerpo.jpg 455w, https:\/\/palochaproducciones.com\/wp-content\/uploads\/2024\/12\/sony-a7-iv-cuerpo-300x300.jpg 300w, https:\/\/palochaproducciones.com\/wp-content\/uploads\/2024\/12\/sony-a7-iv-cuerpo-150x150.jpg 150w, https:\/\/palochaproducciones.com\/wp-content\/uploads\/2024\/12\/sony-a7-iv-cuerpo-12x12.jpg 12w\" sizes=\"(max-width: 455px) 100vw, 455px\" \/>\t\t\t\t\t\t\t\t\t\t\t\t\t\t\t<\/div>\n\t\t\t\t<\/div>\n\t\t\t\t\t<\/div>\n\t\t<\/div>\n\t\t\t\t\t<\/div>\n\t\t<\/section>\n\t\t\t\t<section class=\"elementor-section elementor-top-section elementor-element elementor-element-9e09982 elementor-section-boxed elementor-section-height-default elementor-section-height-default\" data-id=\"9e09982\" data-element_type=\"section\" data-e-type=\"section\" data-settings=\"{&quot;background_background&quot;:&quot;classic&quot;}\">\n\t\t\t\t\t\t<div class=\"elementor-container elementor-column-gap-no\">\n\t\t\t\t\t<div class=\"elementor-column elementor-col-50 elementor-top-column elementor-element elementor-element-4b9de95\" data-id=\"4b9de95\" data-element_type=\"column\" data-e-type=\"column\">\n\t\t\t<div class=\"elementor-widget-wrap elementor-element-populated\">\n\t\t\t\t\t\t<div class=\"elementor-element elementor-element-d121e8a elementor-widget elementor-widget-heading\" data-id=\"d121e8a\" data-element_type=\"widget\" data-e-type=\"widget\" data-widget_type=\"heading.default\">\n\t\t\t\t<div class=\"elementor-widget-container\">\n\t\t\t\t\t<h2 class=\"elementor-heading-title elementor-size-default\">ACOMPA\u00d1AMIENTO MENTOR\u00cdA EN PROYECTO AUDIOVISUAL<\/h2>\t\t\t\t<\/div>\n\t\t\t\t<\/div>\n\t\t\t\t<div class=\"elementor-element elementor-element-324ebb4 elementor-widget elementor-widget-text-editor\" data-id=\"324ebb4\" data-element_type=\"widget\" data-e-type=\"widget\" data-widget_type=\"text-editor.default\">\n\t\t\t\t<div class=\"elementor-widget-container\">\n\t\t\t\t\t\t\t\t\t<p><strong>Llevas a\u00f1os so\u00f1ando con hacer un documental, un cortometraje o abrir un canal de You Tube, pero est\u00e1s ATASCADO. Te entiendo, comenzar, no s\u00e9 porqu\u00e9, siempre es lo m\u00e1s dif\u00edcil. Yo te hecho una mano, he hecho de todo&#8230;<\/strong><\/p><p><strong>Quieres que VALORE TU PROYECTO antes de envi\u00e1rselo a una televisi\u00f3n o a un cliente. Llevar\u00e1s demasiado tiempo encima de \u00e9l y pierdes un poco la perspectiva. Seguro que se me ocurre algo que te ayude a mejorarlo, ser\u00e1 una cr\u00edtica HIPER constructiva para que subas un ESCAL\u00d3N.<\/strong><\/p><p><strong>M\u00e1ndame un mail,\u00a0<\/strong><span style=\"font-size: 16px; font-style: normal; font-weight: bold;\">lo titulas: MENTORIA PROYECTO<\/span><strong style=\"font-size: 16px;\">\u00a0y expl\u00edcamelo todo, qu\u00e9 es lo quieres HACER, que te hace dudar, qu\u00e9 equipo tienes. SOLO SI PUEDO AYUDARTE, te doy el OK. Me haces un Paypal y tenemos una reuni\u00f3n por videoconferencia de 1 hora.<\/strong><\/p><p><strong>PR<\/strong><b>ECIO PRIMERA REUNI\u00d3N: 150 euros\/d\u00f3lares<\/b><\/p><p><b>POSTERIORES: 100 euros \/ d\u00f3lares\u00a0<\/b><strong><br \/><\/strong><\/p><p><strong>Tienes mi cerebro, mis 25 a\u00f1os de experiencia y mi ilusi\u00f3n a tu servicio.\u00a0<\/strong><\/p>\t\t\t\t\t\t\t\t<\/div>\n\t\t\t\t<\/div>\n\t\t\t\t\t<\/div>\n\t\t<\/div>\n\t\t\t\t<div class=\"elementor-column elementor-col-50 elementor-top-column elementor-element elementor-element-ddc17dc\" data-id=\"ddc17dc\" data-element_type=\"column\" data-e-type=\"column\">\n\t\t\t<div class=\"elementor-widget-wrap elementor-element-populated\">\n\t\t\t\t\t\t<div class=\"elementor-element elementor-element-1fab74e0 elementor-widget elementor-widget-image\" data-id=\"1fab74e0\" data-element_type=\"widget\" data-e-type=\"widget\" data-widget_type=\"image.default\">\n\t\t\t\t<div class=\"elementor-widget-container\">\n\t\t\t\t\t\t\t\t\t\t\t\t\t\t\t<img decoding=\"async\" src=\"https:\/\/palochaproducciones.com\/wp-content\/uploads\/2024\/12\/Pablo-Lozano-Director-2024-scaled-1.jpg\" title=\"Pablo-Lozano-Director-2024-scaled.jpg\" alt=\"Pablo-Lozano-Director-2024-scaled.jpg\" loading=\"lazy\" \/>\t\t\t\t\t\t\t\t\t\t\t\t\t\t\t<\/div>\n\t\t\t\t<\/div>\n\t\t\t\t\t<\/div>\n\t\t<\/div>\n\t\t\t\t\t<\/div>\n\t\t<\/section>\n\t\t\t\t<section class=\"elementor-section elementor-top-section elementor-element elementor-element-97e3fef elementor-section-boxed elementor-section-height-default elementor-section-height-default\" data-id=\"97e3fef\" data-element_type=\"section\" data-e-type=\"section\" data-settings=\"{&quot;background_background&quot;:&quot;classic&quot;}\">\n\t\t\t\t\t\t<div class=\"elementor-container elementor-column-gap-default\">\n\t\t\t\t\t<div class=\"elementor-column elementor-col-50 elementor-top-column elementor-element elementor-element-7bac081\" data-id=\"7bac081\" data-element_type=\"column\" data-e-type=\"column\">\n\t\t\t<div class=\"elementor-widget-wrap elementor-element-populated\">\n\t\t\t\t\t\t<div class=\"elementor-element elementor-element-43fab9d elementor-widget elementor-widget-heading\" data-id=\"43fab9d\" data-element_type=\"widget\" data-e-type=\"widget\" data-widget_type=\"heading.default\">\n\t\t\t\t<div class=\"elementor-widget-container\">\n\t\t\t\t\t<h2 class=\"elementor-heading-title elementor-size-default\">ME VOY A GRABAR CONTIGO<\/h2>\t\t\t\t<\/div>\n\t\t\t\t<\/div>\n\t\t\t\t<div class=\"elementor-element elementor-element-41e1a6e elementor-widget__width-initial elementor-widget elementor-widget-text-editor\" data-id=\"41e1a6e\" data-element_type=\"widget\" data-e-type=\"widget\" data-widget_type=\"text-editor.default\">\n\t\t\t\t<div class=\"elementor-widget-container\">\n\t\t\t\t\t\t\t\t\t<p><strong>Tienes una idea, un proyecto, un sue\u00f1o pero t\u00fa no tienes el equipo necesario, ni la experiencia suficiente. Quieres que te acompa\u00f1e f\u00edsicamente con todo mi material y lo m\u00e1s importante con TODA MI EXPERIENCIA.<\/strong><\/p><p><strong>M\u00e1ndame un correo explic\u00e1ndomelo todo, pero todo, todo, incluido la financiaci\u00f3n que tienes o que piensas conseguir.<\/strong><\/p><p><strong>Si puedo hacerlo, me voy contigo a grabar, me da igual donde est\u00e9s&#8230;.por aviones ser\u00e1.<\/strong><\/p><p><b>Lo siento, pero aqu\u00ed No te puedo presupuestar por adelantado sin saber en qu\u00e9 consistir\u00e1 el trabajo.<\/b><\/p>\t\t\t\t\t\t\t\t<\/div>\n\t\t\t\t<\/div>\n\t\t\t\t\t<\/div>\n\t\t<\/div>\n\t\t\t\t<div class=\"elementor-column elementor-col-50 elementor-top-column elementor-element elementor-element-dc23cb7\" data-id=\"dc23cb7\" data-element_type=\"column\" data-e-type=\"column\">\n\t\t\t<div class=\"elementor-widget-wrap elementor-element-populated\">\n\t\t\t\t\t\t<div class=\"elementor-element elementor-element-7de561d elementor-widget elementor-widget-image\" data-id=\"7de561d\" data-element_type=\"widget\" data-e-type=\"widget\" data-widget_type=\"image.default\">\n\t\t\t\t<div class=\"elementor-widget-container\">\n\t\t\t\t\t\t\t\t\t\t\t\t\t\t\t<img decoding=\"async\" width=\"1024\" height=\"766\" src=\"https:\/\/palochaproducciones.com\/wp-content\/uploads\/2024\/12\/WhatsApp-Image-2020-11-07-at-20.59.36-1024x766.jpeg\" class=\"attachment-large size-large wp-image-1305\" alt=\"\" srcset=\"https:\/\/palochaproducciones.com\/wp-content\/uploads\/2024\/12\/WhatsApp-Image-2020-11-07-at-20.59.36-1024x766.jpeg 1024w, https:\/\/palochaproducciones.com\/wp-content\/uploads\/2024\/12\/WhatsApp-Image-2020-11-07-at-20.59.36-300x225.jpeg 300w, https:\/\/palochaproducciones.com\/wp-content\/uploads\/2024\/12\/WhatsApp-Image-2020-11-07-at-20.59.36-768x575.jpeg 768w, https:\/\/palochaproducciones.com\/wp-content\/uploads\/2024\/12\/WhatsApp-Image-2020-11-07-at-20.59.36-16x12.jpeg 16w, https:\/\/palochaproducciones.com\/wp-content\/uploads\/2024\/12\/WhatsApp-Image-2020-11-07-at-20.59.36.jpeg 1296w\" sizes=\"(max-width: 1024px) 100vw, 1024px\" \/>\t\t\t\t\t\t\t\t\t\t\t\t\t\t\t<\/div>\n\t\t\t\t<\/div>\n\t\t\t\t\t<\/div>\n\t\t<\/div>\n\t\t\t\t\t<\/div>\n\t\t<\/section>\n\t\t\t\t<section class=\"elementor-section elementor-top-section elementor-element elementor-element-6027d0f elementor-reverse-mobile elementor-section-boxed elementor-section-height-default elementor-section-height-default\" data-id=\"6027d0f\" data-element_type=\"section\" data-e-type=\"section\" data-settings=\"{&quot;background_background&quot;:&quot;classic&quot;}\">\n\t\t\t\t\t\t<div class=\"elementor-container elementor-column-gap-no\">\n\t\t\t\t\t<div class=\"elementor-column elementor-col-100 elementor-top-column elementor-element elementor-element-2157f32\" data-id=\"2157f32\" data-element_type=\"column\" data-e-type=\"column\">\n\t\t\t<div class=\"elementor-widget-wrap elementor-element-populated\">\n\t\t\t\t\t\t<div class=\"elementor-element elementor-element-3af0a02 elementor-widget elementor-widget-heading\" data-id=\"3af0a02\" data-element_type=\"widget\" data-e-type=\"widget\" data-widget_type=\"heading.default\">\n\t\t\t\t<div class=\"elementor-widget-container\">\n\t\t\t\t\t<h2 class=\"elementor-heading-title elementor-size-default\">CONT\u00c1CTAME:<\/h2>\t\t\t\t<\/div>\n\t\t\t\t<\/div>\n\t\t\t\t<div class=\"elementor-element elementor-element-0c185dc elementor-widget elementor-widget-text-editor\" data-id=\"0c185dc\" data-element_type=\"widget\" data-e-type=\"widget\" data-widget_type=\"text-editor.default\">\n\t\t\t\t<div class=\"elementor-widget-container\">\n\t\t\t\t\t\t\t\t\t<p><strong>pablolozano@palochaproducciones.com<\/strong><\/p>\t\t\t\t\t\t\t\t<\/div>\n\t\t\t\t<\/div>\n\t\t\t\t\t<\/div>\n\t\t<\/div>\n\t\t\t\t\t<\/div>\n\t\t<\/section>\n\t\t\t\t<section class=\"elementor-section elementor-top-section elementor-element elementor-element-11c9b5e elementor-section-content-middle elementor-section-boxed elementor-section-height-default elementor-section-height-default\" data-id=\"11c9b5e\" data-element_type=\"section\" data-e-type=\"section\" data-settings=\"{&quot;background_background&quot;:&quot;classic&quot;}\">\n\t\t\t\t\t\t<div class=\"elementor-container elementor-column-gap-no\">\n\t\t\t\t\t<div class=\"elementor-column elementor-col-100 elementor-top-column elementor-element elementor-element-8712de8\" data-id=\"8712de8\" data-element_type=\"column\" data-e-type=\"column\">\n\t\t\t<div class=\"elementor-widget-wrap\">\n\t\t\t\t\t\t\t<\/div>\n\t\t<\/div>\n\t\t\t\t\t<\/div>\n\t\t<\/section>\n\t\t\t\t<\/div>","protected":false},"excerpt":{"rendered":"<p>CONSULTOR\u00cdA AUDIOVISUAL volver p\u00e1gina de inicio \u00bfSUE\u00d1AS con hacer tu primer PROYECTO audiovisual, pero no sabes como enfrentarte a \u00e9l. Qu\u00e9 material utilizar, QU\u00c9 GRABO PRIMERO&#8230;.? \u00bfQUIERES INVERTIR en material fotogr\u00e1fico o de v\u00eddeo y despu\u00e9s de 250 v\u00eddeos de REVIEWS sigues sin tenerlo claro? \u00a0\u00bfNECESITAS UN PRODUCTOR con 25 a\u00f1os de experiencia QUE TE [&hellip;]<\/p>\n","protected":false},"author":1,"featured_media":0,"parent":0,"menu_order":0,"comment_status":"closed","ping_status":"closed","template":"","meta":{"_surecart_dashboard_logo_width":"180px","_surecart_dashboard_show_logo":true,"_surecart_dashboard_navigation_orders":true,"_surecart_dashboard_navigation_invoices":true,"_surecart_dashboard_navigation_subscriptions":true,"_surecart_dashboard_navigation_downloads":true,"_surecart_dashboard_navigation_billing":true,"_surecart_dashboard_navigation_account":true,"_exactmetrics_skip_tracking":false,"_exactmetrics_sitenote_active":false,"_exactmetrics_sitenote_note":"","_exactmetrics_sitenote_category":0,"site-sidebar-layout":"no-sidebar","site-content-layout":"page-builder","ast-site-content-layout":"full-width-container","site-content-style":"unboxed","site-sidebar-style":"unboxed","ast-global-header-display":"","ast-banner-title-visibility":"","ast-main-header-display":"","ast-hfb-above-header-display":"","ast-hfb-below-header-display":"","ast-hfb-mobile-header-display":"","site-post-title":"disabled","ast-breadcrumbs-content":"","ast-featured-img":"","footer-sml-layout":"","ast-disable-related-posts":"","theme-transparent-header-meta":"enabled","adv-header-id-meta":"","stick-header-meta":"","header-above-stick-meta":"","header-main-stick-meta":"","header-below-stick-meta":"","astra-migrate-meta-layouts":"set","ast-page-background-enabled":"default","ast-page-background-meta":{"desktop":{"background-color":"","background-image":"","background-repeat":"repeat","background-position":"center center","background-size":"auto","background-attachment":"scroll","background-type":"","background-media":"","overlay-type":"","overlay-color":"","overlay-opacity":"","overlay-gradient":""},"tablet":{"background-color":"","background-image":"","background-repeat":"repeat","background-position":"center center","background-size":"auto","background-attachment":"scroll","background-type":"","background-media":"","overlay-type":"","overlay-color":"","overlay-opacity":"","overlay-gradient":""},"mobile":{"background-color":"","background-image":"","background-repeat":"repeat","background-position":"center center","background-size":"auto","background-attachment":"scroll","background-type":"","background-media":"","overlay-type":"","overlay-color":"","overlay-opacity":"","overlay-gradient":""}},"ast-content-background-meta":{"desktop":{"background-color":"var(--ast-global-color-5)","background-image":"","background-repeat":"repeat","background-position":"center center","background-size":"auto","background-attachment":"scroll","background-type":"","background-media":"","overlay-type":"","overlay-color":"","overlay-opacity":"","overlay-gradient":""},"tablet":{"background-color":"var(--ast-global-color-5)","background-image":"","background-repeat":"repeat","background-position":"center center","background-size":"auto","background-attachment":"scroll","background-type":"","background-media":"","overlay-type":"","overlay-color":"","overlay-opacity":"","overlay-gradient":""},"mobile":{"background-color":"var(--ast-global-color-5)","background-image":"","background-repeat":"repeat","background-position":"center center","background-size":"auto","background-attachment":"scroll","background-type":"","background-media":"","overlay-type":"","overlay-color":"","overlay-opacity":"","overlay-gradient":""}},"footnotes":""},"class_list":["post-431","page","type-page","status-publish","hentry"],"_links":{"self":[{"href":"https:\/\/palochaproducciones.com\/en\/wp-json\/wp\/v2\/pages\/431","targetHints":{"allow":["GET"]}}],"collection":[{"href":"https:\/\/palochaproducciones.com\/en\/wp-json\/wp\/v2\/pages"}],"about":[{"href":"https:\/\/palochaproducciones.com\/en\/wp-json\/wp\/v2\/types\/page"}],"author":[{"embeddable":true,"href":"https:\/\/palochaproducciones.com\/en\/wp-json\/wp\/v2\/users\/1"}],"replies":[{"embeddable":true,"href":"https:\/\/palochaproducciones.com\/en\/wp-json\/wp\/v2\/comments?post=431"}],"version-history":[{"count":96,"href":"https:\/\/palochaproducciones.com\/en\/wp-json\/wp\/v2\/pages\/431\/revisions"}],"predecessor-version":[{"id":1550,"href":"https:\/\/palochaproducciones.com\/en\/wp-json\/wp\/v2\/pages\/431\/revisions\/1550"}],"wp:attachment":[{"href":"https:\/\/palochaproducciones.com\/en\/wp-json\/wp\/v2\/media?parent=431"}],"curies":[{"name":"wp","href":"https:\/\/api.w.org\/{rel}","templated":true}]}}